{"id":278,"date":"2021-12-19T15:59:01","date_gmt":"2021-12-19T14:59:01","guid":{"rendered":"https:\/\/www.memoriano.sk\/?page_id=278"},"modified":"2021-12-19T16:58:47","modified_gmt":"2021-12-19T15:58:47","slug":"mentoring-a-tutoring-2","status":"publish","type":"page","link":"https:\/\/www.memoriano.sk\/?page_id=278","title":{"rendered":"Po\u010d\u00edta\u010dov\u00e1 gramotnos\u0165"},"content":{"rendered":"\t\t<div data-elementor-type=\"wp-page\" data-elementor-id=\"278\" class=\"elementor elementor-278\" data-elementor-settings=\"[]\">\n\t\t\t\t\t\t\t<div class=\"elementor-section-wrap\">\n\t\t\t\t\t\t\t<section class=\"elementor-section elementor-top-section elementor-element elementor-element-2d1f4bd elementor-section-boxed elementor-section-height-default elementor-section-height-default\" data-id=\"2d1f4bd\" data-element_type=\"section\">\n\t\t\t\t\t\t<div class=\"elementor-container elementor-column-gap-default\">\n\t\t\t\t\t<div class=\"elementor-column elementor-col-100 elementor-top-column elementor-element elementor-element-a7bb930\" data-id=\"a7bb930\" data-element_type=\"column\">\n\t\t\t<div class=\"elementor-widget-wrap elementor-element-populated\">\n\t\t\t\t\t\t\t\t<div class=\"elementor-element elementor-element-6950172 elementor-widget elementor-widget-heading\" data-id=\"6950172\" data-element_type=\"widget\" data-widget_type=\"heading.default\">\n\t\t\t\t<div class=\"elementor-widget-container\">\n\t\t\t<h1 class=\"elementor-heading-title elementor-size-default\">Po\u010d\u00edta\u010dov\u00e1 gramotnos\u0165 pre v\u0161etk\u00fdch \u017eiakov stredn\u00fdch \u0161k\u00f4l <\/h1>\t\t<\/div>\n\t\t\t\t<\/div>\n\t\t\t\t\t<\/div>\n\t\t<\/div>\n\t\t\t\t\t\t\t<\/div>\n\t\t<\/section>\n\t\t\t\t<section class=\"elementor-section elementor-top-section elementor-element elementor-element-9c2c1db elementor-section-boxed elementor-section-height-default elementor-section-height-default\" data-id=\"9c2c1db\" data-element_type=\"section\">\n\t\t\t\t\t\t<div class=\"elementor-container elementor-column-gap-default\">\n\t\t\t\t\t<div class=\"elementor-column elementor-col-100 elementor-top-column elementor-element elementor-element-7d74a50\" data-id=\"7d74a50\" data-element_type=\"column\">\n\t\t\t<div class=\"elementor-widget-wrap elementor-element-populated\">\n\t\t\t\t\t\t\t\t<div class=\"elementor-element elementor-element-0495f1c elementor-widget elementor-widget-image\" data-id=\"0495f1c\" data-element_type=\"widget\" data-widget_type=\"image.default\">\n\t\t\t\t<div class=\"elementor-widget-container\">\n\t\t\t\t\t<div class=\"elementor-image\">\n\t\t\t\t\t\t\t\t\t\t<img width=\"640\" height=\"46\" src=\"https:\/\/www.memoriano.sk\/wp-content\/uploads\/2021\/12\/loga-eu-1024x73.jpg\" class=\"attachment-large size-large\" alt=\"\" loading=\"lazy\" srcset=\"https:\/\/www.memoriano.sk\/wp-content\/uploads\/2021\/12\/loga-eu-1024x73.jpg 1024w, https:\/\/www.memoriano.sk\/wp-content\/uploads\/2021\/12\/loga-eu-300x21.jpg 300w, https:\/\/www.memoriano.sk\/wp-content\/uploads\/2021\/12\/loga-eu-768x54.jpg 768w, https:\/\/www.memoriano.sk\/wp-content\/uploads\/2021\/12\/loga-eu.jpg 1198w\" sizes=\"(max-width: 640px) 100vw, 640px\" \/>\t\t\t\t\t\t\t\t\t\t\t<\/div>\n\t\t\t\t<\/div>\n\t\t\t\t<\/div>\n\t\t\t\t\t<\/div>\n\t\t<\/div>\n\t\t\t\t\t\t\t<\/div>\n\t\t<\/section>\n\t\t\t\t<section class=\"elementor-section elementor-top-section elementor-element elementor-element-0a26bbe elementor-section-boxed elementor-section-height-default elementor-section-height-default\" data-id=\"0a26bbe\" data-element_type=\"section\">\n\t\t\t\t\t\t<div class=\"elementor-container elementor-column-gap-default\">\n\t\t\t\t\t<div class=\"elementor-column elementor-col-100 elementor-top-column elementor-element elementor-element-ba1f777\" data-id=\"ba1f777\" data-element_type=\"column\">\n\t\t\t<div class=\"elementor-widget-wrap elementor-element-populated\">\n\t\t\t\t\t\t\t\t<div class=\"elementor-element elementor-element-59bf4b6 elementor-widget elementor-widget-heading\" data-id=\"59bf4b6\" data-element_type=\"widget\" data-widget_type=\"heading.default\">\n\t\t\t\t<div class=\"elementor-widget-container\">\n\t\t\t<h2 class=\"elementor-heading-title elementor-size-default\"><p style=\"font-weight: normal; font-stretch: normal; font-size: 12px; line-height: normal; font-family: Helvetica;\">ZMLUVA O POSKYTNUT\u00cd NEN\u00c1VRATN\u00c9HO FINAN\u010cN\u00c9HO PR\u00cdSPEVKu<\/p><\/h2>\t\t<\/div>\n\t\t\t\t<\/div>\n\t\t\t\t\t<\/div>\n\t\t<\/div>\n\t\t\t\t\t\t\t<\/div>\n\t\t<\/section>\n\t\t\t\t<section class=\"elementor-section elementor-top-section elementor-element elementor-element-bbc869b elementor-section-boxed elementor-section-height-default elementor-section-height-default\" data-id=\"bbc869b\" data-element_type=\"section\">\n\t\t\t\t\t\t<div class=\"elementor-container elementor-column-gap-default\">\n\t\t\t\t\t<div class=\"elementor-column elementor-col-100 elementor-top-column elementor-element elementor-element-0202f11\" data-id=\"0202f11\" data-element_type=\"column\">\n\t\t\t<div class=\"elementor-widget-wrap elementor-element-populated\">\n\t\t\t\t\t\t\t\t<div class=\"elementor-element elementor-element-5e87236 elementor-align-center elementor-widget elementor-widget-button\" data-id=\"5e87236\" data-element_type=\"widget\" data-widget_type=\"button.default\">\n\t\t\t\t<div class=\"elementor-widget-container\">\n\t\t\t\t\t<div class=\"elementor-button-wrapper\">\n\t\t\t<a href=\"https:\/\/www.memoriano.sk\/wp-content\/uploads\/2021\/12\/Projekt-ECDL-builten-pre-studentov.docx\" class=\"elementor-button-link elementor-button elementor-size-sm\" role=\"button\">\n\t\t\t\t\t\t<span class=\"elementor-button-content-wrapper\">\n\t\t\t\t\t\t<span class=\"elementor-button-icon elementor-align-icon-left\">\n\t\t\t\t<i aria-hidden=\"true\" class=\"fas fa-file-download\"><\/i>\t\t\t<\/span>\n\t\t\t\t\t\t<span class=\"elementor-button-text\">Stiahnu\u0165 pr\u00edlohu<\/span>\n\t\t<\/span>\n\t\t\t\t\t<\/a>\n\t\t<\/div>\n\t\t\t\t<\/div>\n\t\t\t\t<\/div>\n\t\t\t\t\t<\/div>\n\t\t<\/div>\n\t\t\t\t\t\t\t<\/div>\n\t\t<\/section>\n\t\t\t\t<section class=\"elementor-section elementor-top-section elementor-element elementor-element-49cbc44 elementor-section-boxed elementor-section-height-default elementor-section-height-default\" data-id=\"49cbc44\" data-element_type=\"section\">\n\t\t\t\t\t\t<div class=\"elementor-container elementor-column-gap-default\">\n\t\t\t\t\t<div class=\"elementor-column elementor-col-100 elementor-top-column elementor-element elementor-element-c4c0a32\" data-id=\"c4c0a32\" data-element_type=\"column\">\n\t\t\t<div class=\"elementor-widget-wrap elementor-element-populated\">\n\t\t\t\t\t\t\t\t<div class=\"elementor-element elementor-element-a55a439 elementor-widget elementor-widget-heading\" data-id=\"a55a439\" data-element_type=\"widget\" data-widget_type=\"heading.default\">\n\t\t\t\t<div class=\"elementor-widget-container\">\n\t\t\t<h2 class=\"elementor-heading-title elementor-size-default\">ECDL\/ICDL (European Computer Driving Licence \/ International Computer Driving Licence - Eur\u00f3psky vodi\u010dsk\u00fd preukaz na po\u010d\u00edta\u010de)\u00a0<\/h2>\t\t<\/div>\n\t\t\t\t<\/div>\n\t\t\t\t\t<\/div>\n\t\t<\/div>\n\t\t\t\t\t\t\t<\/div>\n\t\t<\/section>\n\t\t\t\t<section class=\"elementor-section elementor-top-section elementor-element elementor-element-7f096f9 elementor-section-boxed elementor-section-height-default elementor-section-height-default\" data-id=\"7f096f9\" data-element_type=\"section\">\n\t\t\t\t\t\t<div class=\"elementor-container elementor-column-gap-default\">\n\t\t\t\t\t<div class=\"elementor-column elementor-col-100 elementor-top-column elementor-element elementor-element-a432078\" data-id=\"a432078\" data-element_type=\"column\">\n\t\t\t<div class=\"elementor-widget-wrap elementor-element-populated\">\n\t\t\t\t\t\t\t\t<div class=\"elementor-element elementor-element-7cf1fa8 elementor-align-center elementor-widget elementor-widget-button\" data-id=\"7cf1fa8\" data-element_type=\"widget\" data-widget_type=\"button.default\">\n\t\t\t\t<div class=\"elementor-widget-container\">\n\t\t\t\t\t<div class=\"elementor-button-wrapper\">\n\t\t\t<a href=\"https:\/\/www.memoriano.sk\/wp-content\/uploads\/2021\/12\/ECDL-ZMLUVA-O-POSKYTNUTI-NENAVRATNEHO-FINANCNEHO-PRISPEVKU-c.-OPLZ_321_2018-text.pdf\" class=\"elementor-button-link elementor-button elementor-size-sm\" role=\"button\">\n\t\t\t\t\t\t<span class=\"elementor-button-content-wrapper\">\n\t\t\t\t\t\t<span class=\"elementor-button-icon elementor-align-icon-left\">\n\t\t\t\t<i aria-hidden=\"true\" class=\"fas fa-file-download\"><\/i>\t\t\t<\/span>\n\t\t\t\t\t\t<span class=\"elementor-button-text\">Stiahnu\u0165 pr\u00edlohu<\/span>\n\t\t<\/span>\n\t\t\t\t\t<\/a>\n\t\t<\/div>\n\t\t\t\t<\/div>\n\t\t\t\t<\/div>\n\t\t\t\t\t<\/div>\n\t\t<\/div>\n\t\t\t\t\t\t\t<\/div>\n\t\t<\/section>\n\t\t\t\t\t\t<\/div>\n\t\t\t\t\t<\/div>\n\t\t","protected":false},"excerpt":{"rendered":"<p>Po\u010d\u00edta\u010dov\u00e1 gramotnos\u0165 pre v\u0161etk\u00fdch \u017eiakov stredn\u00fdch \u0161k\u00f4l ZMLUVA O POSKYTNUT\u00cd NEN\u00c1VRATN\u00c9HO FINAN\u010cN\u00c9HO PR\u00cdSPEVKu Stiahnu\u0165 pr\u00edlohu ECDL\/ICDL (European Computer Driving Licence \/ International Computer Driving Licence &#8211; Eur\u00f3psky vodi\u010dsk\u00fd preukaz na po\u010d\u00edta\u010de)\u00a0 Stiahnu\u0165 pr\u00edlohu<\/p>\n","protected":false},"author":1,"featured_media":0,"parent":0,"menu_order":0,"comment_status":"closed","ping_status":"closed","template":"","meta":{"_monsterinsights_skip_tracking":false,"_monsterinsights_sitenote_active":false,"_monsterinsights_sitenote_note":"","_monsterinsights_sitenote_category":0},"yoast_head":"<!-- This site is optimized with the Yoast SEO plugin v15.7 - https:\/\/yoast.com\/wordpress\/plugins\/seo\/ -->\n<title>Po\u010d\u00edta\u010dov\u00e1 gramotnos\u0165 - Memoria n.o.<\/title>\n<meta name=\"robots\" content=\"index, follow, max-snippet:-1, max-image-preview:large, max-video-preview:-1\" \/>\n<link rel=\"canonical\" href=\"https:\/\/www.memoriano.sk\/?page_id=278\" \/>\n<meta property=\"og:locale\" content=\"sk_SK\" \/>\n<meta property=\"og:type\" content=\"article\" \/>\n<meta property=\"og:title\" content=\"Po\u010d\u00edta\u010dov\u00e1 gramotnos\u0165 - Memoria n.o.\" \/>\n<meta property=\"og:description\" content=\"Po\u010d\u00edta\u010dov\u00e1 gramotnos\u0165 pre v\u0161etk\u00fdch \u017eiakov stredn\u00fdch \u0161k\u00f4l ZMLUVA O POSKYTNUT\u00cd NEN\u00c1VRATN\u00c9HO FINAN\u010cN\u00c9HO PR\u00cdSPEVKu Stiahnu\u0165 pr\u00edlohu ECDL\/ICDL (European Computer Driving Licence \/ International Computer Driving Licence &#8211; Eur\u00f3psky vodi\u010dsk\u00fd preukaz na po\u010d\u00edta\u010de)\u00a0 Stiahnu\u0165 pr\u00edlohu\" \/>\n<meta property=\"og:url\" content=\"https:\/\/www.memoriano.sk\/?page_id=278\" \/>\n<meta property=\"og:site_name\" content=\"Memoria n.o.\" \/>\n<meta property=\"article:modified_time\" content=\"2021-12-19T15:58:47+00:00\" \/>\n<meta property=\"og:image\" content=\"https:\/\/www.memoriano.sk\/wp-content\/uploads\/2021\/12\/loga-eu-1024x73.jpg\" \/>\n<meta name=\"twitter:card\" content=\"summary_large_image\" \/>\n<meta name=\"twitter:label1\" content=\"Predpokladan\u00fd \u010das \u010d\u00edtania\">\n\t<meta name=\"twitter:data1\" content=\"1 min\u00fata\">\n<script type=\"application\/ld+json\" class=\"yoast-schema-graph\">{\"@context\":\"https:\/\/schema.org\",\"@graph\":[{\"@type\":\"WebSite\",\"@id\":\"https:\/\/www.memoriano.sk\/#website\",\"url\":\"https:\/\/www.memoriano.sk\/\",\"name\":\"Memoria n.o.\",\"description\":\"Len \\u010fal\\u0161ia WordPress str\\u00e1nka\",\"potentialAction\":[{\"@type\":\"SearchAction\",\"target\":\"https:\/\/www.memoriano.sk\/?s={search_term_string}\",\"query-input\":\"required name=search_term_string\"}],\"inLanguage\":\"sk-SK\"},{\"@type\":\"ImageObject\",\"@id\":\"https:\/\/www.memoriano.sk\/?page_id=278#primaryimage\",\"inLanguage\":\"sk-SK\",\"url\":\"https:\/\/www.memoriano.sk\/wp-content\/uploads\/2021\/12\/loga-eu.jpg\",\"width\":1198,\"height\":85},{\"@type\":\"WebPage\",\"@id\":\"https:\/\/www.memoriano.sk\/?page_id=278#webpage\",\"url\":\"https:\/\/www.memoriano.sk\/?page_id=278\",\"name\":\"Po\\u010d\\u00edta\\u010dov\\u00e1 gramotnos\\u0165 - Memoria n.o.\",\"isPartOf\":{\"@id\":\"https:\/\/www.memoriano.sk\/#website\"},\"primaryImageOfPage\":{\"@id\":\"https:\/\/www.memoriano.sk\/?page_id=278#primaryimage\"},\"datePublished\":\"2021-12-19T14:59:01+00:00\",\"dateModified\":\"2021-12-19T15:58:47+00:00\",\"inLanguage\":\"sk-SK\",\"potentialAction\":[{\"@type\":\"ReadAction\",\"target\":[\"https:\/\/www.memoriano.sk\/?page_id=278\"]}]}]}<\/script>\n<!-- \/ Yoast SEO plugin. -->","_links":{"self":[{"href":"https:\/\/www.memoriano.sk\/index.php?rest_route=\/wp\/v2\/pages\/278"}],"collection":[{"href":"https:\/\/www.memoriano.sk\/index.php?rest_route=\/wp\/v2\/pages"}],"about":[{"href":"https:\/\/www.memoriano.sk\/index.php?rest_route=\/wp\/v2\/types\/page"}],"author":[{"embeddable":true,"href":"https:\/\/www.memoriano.sk\/index.php?rest_route=\/wp\/v2\/users\/1"}],"replies":[{"embeddable":true,"href":"https:\/\/www.memoriano.sk\/index.php?rest_route=%2Fwp%2Fv2%2Fcomments&post=278"}],"version-history":[{"count":6,"href":"https:\/\/www.memoriano.sk\/index.php?rest_route=\/wp\/v2\/pages\/278\/revisions"}],"predecessor-version":[{"id":341,"href":"https:\/\/www.memoriano.sk\/index.php?rest_route=\/wp\/v2\/pages\/278\/revisions\/341"}],"wp:attachment":[{"href":"https:\/\/www.memoriano.sk\/index.php?rest_route=%2Fwp%2Fv2%2Fmedia&parent=278"}],"curies":[{"name":"wp","href":"https:\/\/api.w.org\/{rel}","templated":true}]}}